{"id":9,"date":"2024-12-03T16:42:38","date_gmt":"2024-12-03T15:42:38","guid":{"rendered":"https:\/\/fondschristianboltanski.com\/new_website\/?page_id=9"},"modified":"2026-04-20T14:58:32","modified_gmt":"2026-04-20T12:58:32","slug":"le-fonds","status":"publish","type":"page","link":"https:\/\/fondschristianboltanski.com\/en\/le-fonds\/","title":{"rendered":"the fund"},"content":{"rendered":"<p>The Christian Boltanski Endowment Fund (fdCB), created in September 2023, aims to ensure the conservation, diffusion and promotion of the artist&#8217;s work among the public and professionals.<\/p>\n<p>&nbsp;<\/p>\n<p>Founded by Annette Messager, it is chaired by Annalisa Rimmaudo and its members are Paula Aisemberg, Rapha\u00eble Coutant, Vincent Lemaire and Jean-Hubert Martin.<\/p>","protected":false},"excerpt":{"rendered":"<p>The Christian Boltanski Endowment Fund (fdCB), created in September 2023, aims to ensure the conservation, diffusion and promotion of the artist&#8217;s work among the public and professionals. &nbsp; Founded by Annette Messager, it is chaired by Annalisa Rimmaudo and its members are Paula Aisemberg, Rapha\u00eble Coutant, Vincent Lemaire and Jean-Hubert Martin.<\/p>\n","protected":false},"author":1,"featured_media":323,"parent":0,"menu_order":1,"comment_status":"closed","ping_status":"closed","template":"page-FONDS.php","meta":{"_acf_changed":false,"footnotes":""},"class_list":["post-9","page","type-page","status-publish","has-post-thumbnail","hentry"],"acf":[],"yoast_head":"<!-- This site is optimized with the Yoast SEO plugin v27.5 - https:\/\/yoast.com\/product\/yoast-seo-wordpress\/ -->\n<title>the fund - Fonds de dotation Christian Boltanski<\/title>\n<meta name=\"robots\" content=\"index, follow, max-snippet:-1, max-image-preview:large, max-video-preview:-1\" \/>\n<link rel=\"canonical\" href=\"https:\/\/fondschristianboltanski.com\/en\/le-fonds\/\" \/>\n<meta property=\"og:locale\" content=\"en_US\" \/>\n<meta property=\"og:type\" content=\"article\" \/>\n<meta property=\"og:title\" content=\"the fund - Fonds de dotation Christian Boltanski\" \/>\n<meta property=\"og:description\" content=\"The Christian Boltanski Endowment Fund (fdCB), created in September 2023, aims to ensure the conservation, diffusion and promotion of the artist&#8217;s work among the public and professionals. &nbsp; Founded by Annette Messager, it is chaired by Annalisa Rimmaudo and its members are Paula Aisemberg, Rapha\u00eble Coutant, Vincent Lemaire and Jean-Hubert Martin.\" \/>\n<meta property=\"og:url\" content=\"https:\/\/fondschristianboltanski.com\/en\/le-fonds\/\" \/>\n<meta property=\"og:site_name\" content=\"Fonds de dotation Christian Boltanski\" \/>\n<meta property=\"article:modified_time\" content=\"2026-04-20T12:58:32+00:00\" \/>\n<meta property=\"og:image\" content=\"https:\/\/fondschristianboltanski.com\/new_website\/wp-content\/uploads\/2025\/01\/2010-atelier-cb-1500x1125.jpg\" \/>\n\t<meta property=\"og:image:width\" content=\"1500\" \/>\n\t<meta property=\"og:image:height\" content=\"1125\" \/>\n\t<meta property=\"og:image:type\" content=\"image\/jpeg\" \/>\n<meta name=\"twitter:card\" content=\"summary_large_image\" \/>\n<meta name=\"twitter:label1\" content=\"Est. reading time\" \/>\n\t<meta name=\"twitter:data1\" content=\"1 minute\" \/>\n<script type=\"application\/ld+json\" class=\"yoast-schema-graph\">{\"@context\":\"https:\\\/\\\/schema.org\",\"@graph\":[{\"@type\":\"WebPage\",\"@id\":\"https:\\\/\\\/fondschristianboltanski.com\\\/en\\\/le-fonds\\\/\",\"url\":\"https:\\\/\\\/fondschristianboltanski.com\\\/en\\\/le-fonds\\\/\",\"name\":\"the fund - Fonds de dotation Christian Boltanski\",\"isPartOf\":{\"@id\":\"https:\\\/\\\/fondschristianboltanski.com\\\/en\\\/#website\"},\"primaryImageOfPage\":{\"@id\":\"https:\\\/\\\/fondschristianboltanski.com\\\/en\\\/le-fonds\\\/#primaryimage\"},\"image\":{\"@id\":\"https:\\\/\\\/fondschristianboltanski.com\\\/le-fonds\\\/#primaryimage\"},\"thumbnailUrl\":\"https:\\\/\\\/fondschristianboltanski.com\\\/new_website\\\/wp-content\\\/uploads\\\/2025\\\/01\\\/2010-atelier-cb.jpg\",\"datePublished\":\"2024-12-03T15:42:38+00:00\",\"dateModified\":\"2026-04-20T12:58:32+00:00\",\"breadcrumb\":{\"@id\":\"https:\\\/\\\/fondschristianboltanski.com\\\/en\\\/le-fonds\\\/#breadcrumb\"},\"inLanguage\":\"en-US\",\"potentialAction\":[{\"@type\":\"ReadAction\",\"target\":[[\"https:\\\/\\\/fondschristianboltanski.com\\\/en\\\/le-fonds\\\/\"]]}]},{\"@type\":\"ImageObject\",\"inLanguage\":\"en-US\",\"@id\":\"https:\\\/\\\/fondschristianboltanski.com\\\/en\\\/le-fonds\\\/#primaryimage\",\"url\":\"https:\\\/\\\/fondschristianboltanski.com\\\/new_website\\\/wp-content\\\/uploads\\\/2025\\\/01\\\/2010-atelier-cb.jpg\",\"contentUrl\":\"https:\\\/\\\/fondschristianboltanski.com\\\/new_website\\\/wp-content\\\/uploads\\\/2025\\\/01\\\/2010-atelier-cb.jpg\",\"width\":2500,\"height\":1875},{\"@type\":\"BreadcrumbList\",\"@id\":\"https:\\\/\\\/fondschristianboltanski.com\\\/en\\\/le-fonds\\\/#breadcrumb\",\"itemListElement\":[{\"@type\":\"ListItem\",\"position\":1,\"name\":\"Accueil\",\"item\":\"https:\\\/\\\/fondschristianboltanski.com\\\/en\\\/\"},{\"@type\":\"ListItem\",\"position\":2,\"name\":\"le fonds\"}]},{\"@type\":\"WebSite\",\"@id\":\"https:\\\/\\\/fondschristianboltanski.com\\\/en\\\/#website\",\"url\":\"https:\\\/\\\/fondschristianboltanski.com\\\/en\\\/\",\"name\":\"Fonds de dotation Christian Boltanski\",\"description\":\"[:fr]Le Fonds de Dotation Christian Boltanski, cr\u00e9\u00e9 en 2023 par Annette Messager, a pour objet d\u2019assurer la conservation, la diffusion, et la promotion de l\u2019\u0153uvre de Christian Boltanski. Le Fonds a pour int\u00e9r\u00eat g\u00e9n\u00e9ral un objet culturel, de conservation et de sauvegarde de l&#039;\u0153uvre de l&#039;artiste aupr\u00e8s du public.[:en]Le Fonds de dotation Christian Boltanski (The Christian Boltanski Endowment Fund), created in September 2023, aims to ensure the conservation, diffusion and promotion of the artist\u2019s work among the public and professionals.[:]\",\"potentialAction\":[{\"@type\":\"SearchAction\",\"target\":{\"@type\":\"EntryPoint\",\"urlTemplate\":\"https:\\\/\\\/fondschristianboltanski.com\\\/en\\\/?s={search_term_string}\"},\"query-input\":{\"@type\":\"PropertyValueSpecification\",\"valueRequired\":true,\"valueName\":\"search_term_string\"}}],\"inLanguage\":\"en-US\"}]}<\/script>\n<!-- \/ Yoast SEO plugin. -->","yoast_head_json":{"title":"the fund - Fonds de dotation Christian Boltanski","robots":{"index":"index","follow":"follow","max-snippet":"max-snippet:-1","max-image-preview":"max-image-preview:large","max-video-preview":"max-video-preview:-1"},"canonical":"https:\/\/fondschristianboltanski.com\/en\/le-fonds\/","og_locale":"en_US","og_type":"article","og_title":"the fund - Fonds de dotation Christian Boltanski","og_description":"The Christian Boltanski Endowment Fund (fdCB), created in September 2023, aims to ensure the conservation, diffusion and promotion of the artist&#8217;s work among the public and professionals. &nbsp; Founded by Annette Messager, it is chaired by Annalisa Rimmaudo and its members are Paula Aisemberg, Rapha\u00eble Coutant, Vincent Lemaire and Jean-Hubert Martin.","og_url":"https:\/\/fondschristianboltanski.com\/en\/le-fonds\/","og_site_name":"Fonds de dotation Christian Boltanski","article_modified_time":"2026-04-20T12:58:32+00:00","og_image":[{"width":1500,"height":1125,"url":"https:\/\/fondschristianboltanski.com\/new_website\/wp-content\/uploads\/2025\/01\/2010-atelier-cb-1500x1125.jpg","type":"image\/jpeg"}],"twitter_card":"summary_large_image","twitter_misc":{"Est. reading time":"1 minute"},"schema":{"@context":"https:\/\/schema.org","@graph":[{"@type":"WebPage","@id":"https:\/\/fondschristianboltanski.com\/en\/le-fonds\/","url":"https:\/\/fondschristianboltanski.com\/en\/le-fonds\/","name":"the fund - Fonds de dotation Christian Boltanski","isPartOf":{"@id":"https:\/\/fondschristianboltanski.com\/en\/#website"},"primaryImageOfPage":{"@id":"https:\/\/fondschristianboltanski.com\/en\/le-fonds\/#primaryimage"},"image":{"@id":"https:\/\/fondschristianboltanski.com\/le-fonds\/#primaryimage"},"thumbnailUrl":"https:\/\/fondschristianboltanski.com\/new_website\/wp-content\/uploads\/2025\/01\/2010-atelier-cb.jpg","datePublished":"2024-12-03T15:42:38+00:00","dateModified":"2026-04-20T12:58:32+00:00","breadcrumb":{"@id":"https:\/\/fondschristianboltanski.com\/en\/le-fonds\/#breadcrumb"},"inLanguage":"en-US","potentialAction":[{"@type":"ReadAction","target":[["https:\/\/fondschristianboltanski.com\/en\/le-fonds\/"]]}]},{"@type":"ImageObject","inLanguage":"en-US","@id":"https:\/\/fondschristianboltanski.com\/en\/le-fonds\/#primaryimage","url":"https:\/\/fondschristianboltanski.com\/new_website\/wp-content\/uploads\/2025\/01\/2010-atelier-cb.jpg","contentUrl":"https:\/\/fondschristianboltanski.com\/new_website\/wp-content\/uploads\/2025\/01\/2010-atelier-cb.jpg","width":2500,"height":1875},{"@type":"BreadcrumbList","@id":"https:\/\/fondschristianboltanski.com\/en\/le-fonds\/#breadcrumb","itemListElement":[{"@type":"ListItem","position":1,"name":"Accueil","item":"https:\/\/fondschristianboltanski.com\/en\/"},{"@type":"ListItem","position":2,"name":"le fonds"}]},{"@type":"WebSite","@id":"https:\/\/fondschristianboltanski.com\/en\/#website","url":"https:\/\/fondschristianboltanski.com\/en\/","name":"Fonds de dotation Christian Boltanski","description":"[:fr]Le Fonds de Dotation Christian Boltanski, cr\u00e9\u00e9 en 2023 par Annette Messager, a pour objet d\u2019assurer la conservation, la diffusion, et la promotion de l\u2019\u0153uvre de Christian Boltanski. Le Fonds a pour int\u00e9r\u00eat g\u00e9n\u00e9ral un objet culturel, de conservation et de sauvegarde de l&#039;\u0153uvre de l&#039;artiste aupr\u00e8s du public.[:en]Le Fonds de dotation Christian Boltanski (The Christian Boltanski Endowment Fund), created in September 2023, aims to ensure the conservation, diffusion and promotion of the artist\u2019s work among the public and professionals.[:]","potentialAction":[{"@type":"SearchAction","target":{"@type":"EntryPoint","urlTemplate":"https:\/\/fondschristianboltanski.com\/en\/?s={search_term_string}"},"query-input":{"@type":"PropertyValueSpecification","valueRequired":true,"valueName":"search_term_string"}}],"inLanguage":"en-US"}]}},"_links":{"self":[{"href":"https:\/\/fondschristianboltanski.com\/en\/wp-json\/wp\/v2\/pages\/9","targetHints":{"allow":["GET"]}}],"collection":[{"href":"https:\/\/fondschristianboltanski.com\/en\/wp-json\/wp\/v2\/pages"}],"about":[{"href":"https:\/\/fondschristianboltanski.com\/en\/wp-json\/wp\/v2\/types\/page"}],"author":[{"embeddable":true,"href":"https:\/\/fondschristianboltanski.com\/en\/wp-json\/wp\/v2\/users\/1"}],"replies":[{"embeddable":true,"href":"https:\/\/fondschristianboltanski.com\/en\/wp-json\/wp\/v2\/comments?post=9"}],"version-history":[{"count":41,"href":"https:\/\/fondschristianboltanski.com\/en\/wp-json\/wp\/v2\/pages\/9\/revisions"}],"predecessor-version":[{"id":1222,"href":"https:\/\/fondschristianboltanski.com\/en\/wp-json\/wp\/v2\/pages\/9\/revisions\/1222"}],"wp:featuredmedia":[{"embeddable":true,"href":"https:\/\/fondschristianboltanski.com\/en\/wp-json\/wp\/v2\/media\/323"}],"wp:attachment":[{"href":"https:\/\/fondschristianboltanski.com\/en\/wp-json\/wp\/v2\/media?parent=9"}],"curies":[{"name":"wp","href":"https:\/\/api.w.org\/{rel}","templated":true}]}}