{"id":27,"date":"2024-12-03T16:45:09","date_gmt":"2024-12-03T15:45:09","guid":{"rendered":"https:\/\/fondschristianboltanski.com\/new_website\/?page_id=27"},"modified":"2025-03-03T09:54:07","modified_gmt":"2025-03-03T08:54:07","slug":"actualites-archives","status":"publish","type":"page","link":"https:\/\/fondschristianboltanski.com\/en\/actualites-archives\/","title":{"rendered":"News archives"},"content":{"rendered":"","protected":false},"excerpt":{"rendered":"","protected":false},"author":1,"featured_media":688,"parent":0,"menu_order":13,"comment_status":"closed","ping_status":"closed","template":"page-ACTUALITES-PASSEES.php","meta":{"_acf_changed":false,"footnotes":""},"class_list":["post-27","page","type-page","status-publish","has-post-thumbnail","hentry"],"acf":[],"yoast_head":"<!-- This site is optimized with the Yoast SEO plugin v27.4 - https:\/\/yoast.com\/product\/yoast-seo-wordpress\/ -->\n<title>News archives - Fonds de dotation Christian Boltanski<\/title>\n<meta name=\"robots\" content=\"index, follow, max-snippet:-1, max-image-preview:large, max-video-preview:-1\" \/>\n<link rel=\"canonical\" href=\"https:\/\/fondschristianboltanski.com\/en\/actualites-archives\/\" \/>\n<meta property=\"og:locale\" content=\"en_US\" \/>\n<meta property=\"og:type\" content=\"article\" \/>\n<meta property=\"og:title\" content=\"News archives - Fonds de dotation Christian Boltanski\" \/>\n<meta property=\"og:url\" content=\"https:\/\/fondschristianboltanski.com\/en\/actualites-archives\/\" \/>\n<meta property=\"og:site_name\" content=\"Fonds de dotation Christian Boltanski\" \/>\n<meta property=\"article:modified_time\" content=\"2025-03-03T08:54:07+00:00\" \/>\n<meta property=\"og:image\" content=\"https:\/\/fondschristianboltanski.com\/new_website\/wp-content\/uploads\/2025\/02\/2024-transfo-8-1500x1000.jpg\" \/>\n\t<meta property=\"og:image:width\" content=\"1500\" \/>\n\t<meta property=\"og:image:height\" content=\"1000\" \/>\n\t<meta property=\"og:image:type\" content=\"image\/jpeg\" \/>\n<meta name=\"twitter:card\" content=\"summary_large_image\" \/>\n<script type=\"application\/ld+json\" class=\"yoast-schema-graph\">{\"@context\":\"https:\\\/\\\/schema.org\",\"@graph\":[{\"@type\":\"WebPage\",\"@id\":\"https:\\\/\\\/fondschristianboltanski.com\\\/en\\\/actualites-archives\\\/\",\"url\":\"https:\\\/\\\/fondschristianboltanski.com\\\/en\\\/actualites-archives\\\/\",\"name\":\"News archives - Fonds de dotation Christian Boltanski\",\"isPartOf\":{\"@id\":\"https:\\\/\\\/fondschristianboltanski.com\\\/en\\\/#website\"},\"primaryImageOfPage\":{\"@id\":\"https:\\\/\\\/fondschristianboltanski.com\\\/en\\\/actualites-archives\\\/#primaryimage\"},\"image\":{\"@id\":\"https:\\\/\\\/fondschristianboltanski.com\\\/actualites-archives\\\/#primaryimage\"},\"thumbnailUrl\":\"https:\\\/\\\/fondschristianboltanski.com\\\/new_website\\\/wp-content\\\/uploads\\\/2025\\\/02\\\/2024-transfo-8.jpg\",\"datePublished\":\"2024-12-03T15:45:09+00:00\",\"dateModified\":\"2025-03-03T08:54:07+00:00\",\"breadcrumb\":{\"@id\":\"https:\\\/\\\/fondschristianboltanski.com\\\/en\\\/actualites-archives\\\/#breadcrumb\"},\"inLanguage\":\"en-US\",\"potentialAction\":[{\"@type\":\"ReadAction\",\"target\":[[\"https:\\\/\\\/fondschristianboltanski.com\\\/en\\\/actualites-archives\\\/\"]]}]},{\"@type\":\"ImageObject\",\"inLanguage\":\"en-US\",\"@id\":\"https:\\\/\\\/fondschristianboltanski.com\\\/en\\\/actualites-archives\\\/#primaryimage\",\"url\":\"https:\\\/\\\/fondschristianboltanski.com\\\/new_website\\\/wp-content\\\/uploads\\\/2025\\\/02\\\/2024-transfo-8.jpg\",\"contentUrl\":\"https:\\\/\\\/fondschristianboltanski.com\\\/new_website\\\/wp-content\\\/uploads\\\/2025\\\/02\\\/2024-transfo-8.jpg\",\"width\":2500,\"height\":1667},{\"@type\":\"BreadcrumbList\",\"@id\":\"https:\\\/\\\/fondschristianboltanski.com\\\/en\\\/actualites-archives\\\/#breadcrumb\",\"itemListElement\":[{\"@type\":\"ListItem\",\"position\":1,\"name\":\"Accueil\",\"item\":\"https:\\\/\\\/fondschristianboltanski.com\\\/en\\\/\"},{\"@type\":\"ListItem\",\"position\":2,\"name\":\"Actualit\u00e9s archives\"}]},{\"@type\":\"WebSite\",\"@id\":\"https:\\\/\\\/fondschristianboltanski.com\\\/en\\\/#website\",\"url\":\"https:\\\/\\\/fondschristianboltanski.com\\\/en\\\/\",\"name\":\"Fonds de dotation Christian Boltanski\",\"description\":\"[:fr]Le Fonds de Dotation Christian Boltanski, cr\u00e9\u00e9 en 2023 par Annette Messager, a pour objet d\u2019assurer la conservation, la diffusion, et la promotion de l\u2019\u0153uvre de Christian Boltanski. Le Fonds a pour int\u00e9r\u00eat g\u00e9n\u00e9ral un objet culturel, de conservation et de sauvegarde de l&#039;\u0153uvre de l&#039;artiste aupr\u00e8s du public.[:en]Le Fonds de dotation Christian Boltanski (The Christian Boltanski Endowment Fund), created in September 2023, aims to ensure the conservation, diffusion and promotion of the artist\u2019s work among the public and professionals.[:]\",\"potentialAction\":[{\"@type\":\"SearchAction\",\"target\":{\"@type\":\"EntryPoint\",\"urlTemplate\":\"https:\\\/\\\/fondschristianboltanski.com\\\/en\\\/?s={search_term_string}\"},\"query-input\":{\"@type\":\"PropertyValueSpecification\",\"valueRequired\":true,\"valueName\":\"search_term_string\"}}],\"inLanguage\":\"en-US\"}]}<\/script>\n<!-- \/ Yoast SEO plugin. -->","yoast_head_json":{"title":"News archives - Fonds de dotation Christian Boltanski","robots":{"index":"index","follow":"follow","max-snippet":"max-snippet:-1","max-image-preview":"max-image-preview:large","max-video-preview":"max-video-preview:-1"},"canonical":"https:\/\/fondschristianboltanski.com\/en\/actualites-archives\/","og_locale":"en_US","og_type":"article","og_title":"News archives - Fonds de dotation Christian Boltanski","og_url":"https:\/\/fondschristianboltanski.com\/en\/actualites-archives\/","og_site_name":"Fonds de dotation Christian Boltanski","article_modified_time":"2025-03-03T08:54:07+00:00","og_image":[{"width":1500,"height":1000,"url":"https:\/\/fondschristianboltanski.com\/new_website\/wp-content\/uploads\/2025\/02\/2024-transfo-8-1500x1000.jpg","type":"image\/jpeg"}],"twitter_card":"summary_large_image","schema":{"@context":"https:\/\/schema.org","@graph":[{"@type":"WebPage","@id":"https:\/\/fondschristianboltanski.com\/en\/actualites-archives\/","url":"https:\/\/fondschristianboltanski.com\/en\/actualites-archives\/","name":"News archives - Fonds de dotation Christian Boltanski","isPartOf":{"@id":"https:\/\/fondschristianboltanski.com\/en\/#website"},"primaryImageOfPage":{"@id":"https:\/\/fondschristianboltanski.com\/en\/actualites-archives\/#primaryimage"},"image":{"@id":"https:\/\/fondschristianboltanski.com\/actualites-archives\/#primaryimage"},"thumbnailUrl":"https:\/\/fondschristianboltanski.com\/new_website\/wp-content\/uploads\/2025\/02\/2024-transfo-8.jpg","datePublished":"2024-12-03T15:45:09+00:00","dateModified":"2025-03-03T08:54:07+00:00","breadcrumb":{"@id":"https:\/\/fondschristianboltanski.com\/en\/actualites-archives\/#breadcrumb"},"inLanguage":"en-US","potentialAction":[{"@type":"ReadAction","target":[["https:\/\/fondschristianboltanski.com\/en\/actualites-archives\/"]]}]},{"@type":"ImageObject","inLanguage":"en-US","@id":"https:\/\/fondschristianboltanski.com\/en\/actualites-archives\/#primaryimage","url":"https:\/\/fondschristianboltanski.com\/new_website\/wp-content\/uploads\/2025\/02\/2024-transfo-8.jpg","contentUrl":"https:\/\/fondschristianboltanski.com\/new_website\/wp-content\/uploads\/2025\/02\/2024-transfo-8.jpg","width":2500,"height":1667},{"@type":"BreadcrumbList","@id":"https:\/\/fondschristianboltanski.com\/en\/actualites-archives\/#breadcrumb","itemListElement":[{"@type":"ListItem","position":1,"name":"Accueil","item":"https:\/\/fondschristianboltanski.com\/en\/"},{"@type":"ListItem","position":2,"name":"Actualit\u00e9s archives"}]},{"@type":"WebSite","@id":"https:\/\/fondschristianboltanski.com\/en\/#website","url":"https:\/\/fondschristianboltanski.com\/en\/","name":"Fonds de dotation Christian Boltanski","description":"[:fr]Le Fonds de Dotation Christian Boltanski, cr\u00e9\u00e9 en 2023 par Annette Messager, a pour objet d\u2019assurer la conservation, la diffusion, et la promotion de l\u2019\u0153uvre de Christian Boltanski. Le Fonds a pour int\u00e9r\u00eat g\u00e9n\u00e9ral un objet culturel, de conservation et de sauvegarde de l&#039;\u0153uvre de l&#039;artiste aupr\u00e8s du public.[:en]Le Fonds de dotation Christian Boltanski (The Christian Boltanski Endowment Fund), created in September 2023, aims to ensure the conservation, diffusion and promotion of the artist\u2019s work among the public and professionals.[:]","potentialAction":[{"@type":"SearchAction","target":{"@type":"EntryPoint","urlTemplate":"https:\/\/fondschristianboltanski.com\/en\/?s={search_term_string}"},"query-input":{"@type":"PropertyValueSpecification","valueRequired":true,"valueName":"search_term_string"}}],"inLanguage":"en-US"}]}},"_links":{"self":[{"href":"https:\/\/fondschristianboltanski.com\/en\/wp-json\/wp\/v2\/pages\/27","targetHints":{"allow":["GET"]}}],"collection":[{"href":"https:\/\/fondschristianboltanski.com\/en\/wp-json\/wp\/v2\/pages"}],"about":[{"href":"https:\/\/fondschristianboltanski.com\/en\/wp-json\/wp\/v2\/types\/page"}],"author":[{"embeddable":true,"href":"https:\/\/fondschristianboltanski.com\/en\/wp-json\/wp\/v2\/users\/1"}],"replies":[{"embeddable":true,"href":"https:\/\/fondschristianboltanski.com\/en\/wp-json\/wp\/v2\/comments?post=27"}],"version-history":[{"count":3,"href":"https:\/\/fondschristianboltanski.com\/en\/wp-json\/wp\/v2\/pages\/27\/revisions"}],"predecessor-version":[{"id":233,"href":"https:\/\/fondschristianboltanski.com\/en\/wp-json\/wp\/v2\/pages\/27\/revisions\/233"}],"wp:featuredmedia":[{"embeddable":true,"href":"https:\/\/fondschristianboltanski.com\/en\/wp-json\/wp\/v2\/media\/688"}],"wp:attachment":[{"href":"https:\/\/fondschristianboltanski.com\/en\/wp-json\/wp\/v2\/media?parent=27"}],"curies":[{"name":"wp","href":"https:\/\/api.w.org\/{rel}","templated":true}]}}