{"id":169,"date":"2024-12-26T10:19:46","date_gmt":"2024-12-26T09:19:46","guid":{"rendered":"https:\/\/fondschristianboltanski.com\/new_website\/?page_id=169"},"modified":"2025-03-03T09:53:17","modified_gmt":"2025-03-03T08:53:17","slug":"mentions-legales","status":"publish","type":"page","link":"https:\/\/fondschristianboltanski.com\/en\/mentions-legales\/","title":{"rendered":"Legal notices"},"content":{"rendered":"<p><strong>fondschristianboltanski.com<\/strong><\/p>\n<p>Access to and use of the Christian Boltanski Endowment Fund (fdCB) website are subject to the conditions mentioned below as well as to the legal provisions in force. By connecting to and browsing this site, you accept these conditions without limitation or reservation and you acknowledge that they take precedence over any other possible agreements with us.<\/p>\n<p>The user undertakes not to carry out any operations that may adversely affect the proper functioning of the site or the integrity of the information published. The user also undertakes to exercise particular vigilance in the use of the elements made available to him and to observe all the usual precautions.<\/p>\n<p><strong>Site ownership:<\/strong><\/p>\n<p>This site is the property of the Christian Boltanski Endowment Fund, Malakoff, 92240.<\/p>\n<p><strong>Hosting:<\/strong><\/p>\n<p>OVH Cloud<\/p>\n<p>www.ovhcloud.com<\/p>\n<p><strong>Site content:<\/strong><\/p>\n<p>This site was designed by members of the Christian Boltanski Endowment Fund.<\/p>\n<p>Despite the care taken by the Fund&#8217;s members, unintentional errors or omissions may remain on the site.<\/p>\n<p>The Fonds de dotation Christian Boltanski reserves the right to modify the content at any time. The information and images published on the site are for information purposes only and in no way constitute a contractual document that could form the basis of legal action.<\/p>\n<p><strong>Applicable law:<\/strong><\/p>\n<p>This site and this legal notice are subject to French law.<\/p>\n<p><strong>Links:<\/strong><\/p>\n<p>This site may provide links and references to other sites but the Fonds de dotation Christian Boltanski is not responsible for the content of these other sites, and will not be held liable for any damage or harm resulting from them.<\/p>\n<p><strong>Protection of personal data:<\/strong><\/p>\n<p>The site does not collect user cookies.<\/p>\n<p>The e-mail addresses used and the e-mail messages sent to the Christian Boltanski Endowment Fund via the e-mail addresses provided or via the form in the \u201ccontact\u201d section may be stored. The data will not be transferred or sold under any circumstances.<\/p>\n<p><strong>Contact<\/strong><\/p>\n<p>If you have any questions, you can contact us by writing to contact@fondschristianboltanski.com<\/p>","protected":false},"excerpt":{"rendered":"<p>fondschristianboltanski.com Access to and use of the Christian Boltanski Endowment Fund (fdCB) website are subject to the conditions mentioned below as well as to the legal provisions in force. By connecting to and browsing this site, you accept these conditions without limitation or reservation and you acknowledge that they take precedence over any other possible [&hellip;]<\/p>\n","protected":false},"author":1,"featured_media":988,"parent":0,"menu_order":16,"comment_status":"closed","ping_status":"closed","template":"","meta":{"_acf_changed":false,"footnotes":""},"class_list":["post-169","page","type-page","status-publish","has-post-thumbnail","hentry"],"acf":[],"yoast_head":"<!-- This site is optimized with the Yoast SEO plugin v27.5 - https:\/\/yoast.com\/product\/yoast-seo-wordpress\/ -->\n<title>Legal notices - Fonds de dotation Christian Boltanski<\/title>\n<meta name=\"robots\" content=\"index, follow, max-snippet:-1, max-image-preview:large, max-video-preview:-1\" \/>\n<link rel=\"canonical\" href=\"https:\/\/fondschristianboltanski.com\/en\/mentions-legales\/\" \/>\n<meta property=\"og:locale\" content=\"en_US\" \/>\n<meta property=\"og:type\" content=\"article\" \/>\n<meta property=\"og:title\" content=\"Legal notices - Fonds de dotation Christian Boltanski\" \/>\n<meta property=\"og:description\" content=\"fondschristianboltanski.com Access to and use of the Christian Boltanski Endowment Fund (fdCB) website are subject to the conditions mentioned below as well as to the legal provisions in force. By connecting to and browsing this site, you accept these conditions without limitation or reservation and you acknowledge that they take precedence over any other possible [&hellip;]\" \/>\n<meta property=\"og:url\" content=\"https:\/\/fondschristianboltanski.com\/en\/mentions-legales\/\" \/>\n<meta property=\"og:site_name\" content=\"Fonds de dotation Christian Boltanski\" \/>\n<meta property=\"article:modified_time\" content=\"2025-03-03T08:53:17+00:00\" \/>\n<meta property=\"og:image\" content=\"https:\/\/fondschristianboltanski.com\/new_website\/wp-content\/uploads\/2025\/03\/2014-animitas-chili-2014-photograph-by-madeline-hurtado-b-5-1500x1125.jpg\" \/>\n\t<meta property=\"og:image:width\" content=\"1500\" \/>\n\t<meta property=\"og:image:height\" content=\"1125\" \/>\n\t<meta property=\"og:image:type\" content=\"image\/jpeg\" \/>\n<meta name=\"twitter:card\" content=\"summary_large_image\" \/>\n<meta name=\"twitter:label1\" content=\"Est. reading time\" \/>\n\t<meta name=\"twitter:data1\" content=\"2 minutes\" \/>\n<script type=\"application\/ld+json\" class=\"yoast-schema-graph\">{\"@context\":\"https:\\\/\\\/schema.org\",\"@graph\":[{\"@type\":\"WebPage\",\"@id\":\"https:\\\/\\\/fondschristianboltanski.com\\\/en\\\/mentions-legales\\\/\",\"url\":\"https:\\\/\\\/fondschristianboltanski.com\\\/en\\\/mentions-legales\\\/\",\"name\":\"Legal notices - Fonds de dotation Christian Boltanski\",\"isPartOf\":{\"@id\":\"https:\\\/\\\/fondschristianboltanski.com\\\/en\\\/#website\"},\"primaryImageOfPage\":{\"@id\":\"https:\\\/\\\/fondschristianboltanski.com\\\/en\\\/mentions-legales\\\/#primaryimage\"},\"image\":{\"@id\":\"https:\\\/\\\/fondschristianboltanski.com\\\/mentions-legales\\\/#primaryimage\"},\"thumbnailUrl\":\"https:\\\/\\\/fondschristianboltanski.com\\\/new_website\\\/wp-content\\\/uploads\\\/2025\\\/03\\\/2014-animitas-chili-2014-photograph-by-madeline-hurtado-b-5.jpg\",\"datePublished\":\"2024-12-26T09:19:46+00:00\",\"dateModified\":\"2025-03-03T08:53:17+00:00\",\"breadcrumb\":{\"@id\":\"https:\\\/\\\/fondschristianboltanski.com\\\/en\\\/mentions-legales\\\/#breadcrumb\"},\"inLanguage\":\"en-US\",\"potentialAction\":[{\"@type\":\"ReadAction\",\"target\":[[\"https:\\\/\\\/fondschristianboltanski.com\\\/en\\\/mentions-legales\\\/\"]]}]},{\"@type\":\"ImageObject\",\"inLanguage\":\"en-US\",\"@id\":\"https:\\\/\\\/fondschristianboltanski.com\\\/en\\\/mentions-legales\\\/#primaryimage\",\"url\":\"https:\\\/\\\/fondschristianboltanski.com\\\/new_website\\\/wp-content\\\/uploads\\\/2025\\\/03\\\/2014-animitas-chili-2014-photograph-by-madeline-hurtado-b-5.jpg\",\"contentUrl\":\"https:\\\/\\\/fondschristianboltanski.com\\\/new_website\\\/wp-content\\\/uploads\\\/2025\\\/03\\\/2014-animitas-chili-2014-photograph-by-madeline-hurtado-b-5.jpg\",\"width\":2500,\"height\":1875},{\"@type\":\"BreadcrumbList\",\"@id\":\"https:\\\/\\\/fondschristianboltanski.com\\\/en\\\/mentions-legales\\\/#breadcrumb\",\"itemListElement\":[{\"@type\":\"ListItem\",\"position\":1,\"name\":\"Accueil\",\"item\":\"https:\\\/\\\/fondschristianboltanski.com\\\/en\\\/\"},{\"@type\":\"ListItem\",\"position\":2,\"name\":\"Mentions L\u00e9gales\"}]},{\"@type\":\"WebSite\",\"@id\":\"https:\\\/\\\/fondschristianboltanski.com\\\/en\\\/#website\",\"url\":\"https:\\\/\\\/fondschristianboltanski.com\\\/en\\\/\",\"name\":\"Fonds de dotation Christian Boltanski\",\"description\":\"[:fr]Le Fonds de Dotation Christian Boltanski, cr\u00e9\u00e9 en 2023 par Annette Messager, a pour objet d\u2019assurer la conservation, la diffusion, et la promotion de l\u2019\u0153uvre de Christian Boltanski. Le Fonds a pour int\u00e9r\u00eat g\u00e9n\u00e9ral un objet culturel, de conservation et de sauvegarde de l&#039;\u0153uvre de l&#039;artiste aupr\u00e8s du public.[:en]Le Fonds de dotation Christian Boltanski (The Christian Boltanski Endowment Fund), created in September 2023, aims to ensure the conservation, diffusion and promotion of the artist\u2019s work among the public and professionals.[:]\",\"potentialAction\":[{\"@type\":\"SearchAction\",\"target\":{\"@type\":\"EntryPoint\",\"urlTemplate\":\"https:\\\/\\\/fondschristianboltanski.com\\\/en\\\/?s={search_term_string}\"},\"query-input\":{\"@type\":\"PropertyValueSpecification\",\"valueRequired\":true,\"valueName\":\"search_term_string\"}}],\"inLanguage\":\"en-US\"}]}<\/script>\n<!-- \/ Yoast SEO plugin. -->","yoast_head_json":{"title":"Legal notices - Fonds de dotation Christian Boltanski","robots":{"index":"index","follow":"follow","max-snippet":"max-snippet:-1","max-image-preview":"max-image-preview:large","max-video-preview":"max-video-preview:-1"},"canonical":"https:\/\/fondschristianboltanski.com\/en\/mentions-legales\/","og_locale":"en_US","og_type":"article","og_title":"Legal notices - Fonds de dotation Christian Boltanski","og_description":"fondschristianboltanski.com Access to and use of the Christian Boltanski Endowment Fund (fdCB) website are subject to the conditions mentioned below as well as to the legal provisions in force. By connecting to and browsing this site, you accept these conditions without limitation or reservation and you acknowledge that they take precedence over any other possible [&hellip;]","og_url":"https:\/\/fondschristianboltanski.com\/en\/mentions-legales\/","og_site_name":"Fonds de dotation Christian Boltanski","article_modified_time":"2025-03-03T08:53:17+00:00","og_image":[{"width":1500,"height":1125,"url":"https:\/\/fondschristianboltanski.com\/new_website\/wp-content\/uploads\/2025\/03\/2014-animitas-chili-2014-photograph-by-madeline-hurtado-b-5-1500x1125.jpg","type":"image\/jpeg"}],"twitter_card":"summary_large_image","twitter_misc":{"Est. reading time":"2 minutes"},"schema":{"@context":"https:\/\/schema.org","@graph":[{"@type":"WebPage","@id":"https:\/\/fondschristianboltanski.com\/en\/mentions-legales\/","url":"https:\/\/fondschristianboltanski.com\/en\/mentions-legales\/","name":"Legal notices - Fonds de dotation Christian Boltanski","isPartOf":{"@id":"https:\/\/fondschristianboltanski.com\/en\/#website"},"primaryImageOfPage":{"@id":"https:\/\/fondschristianboltanski.com\/en\/mentions-legales\/#primaryimage"},"image":{"@id":"https:\/\/fondschristianboltanski.com\/mentions-legales\/#primaryimage"},"thumbnailUrl":"https:\/\/fondschristianboltanski.com\/new_website\/wp-content\/uploads\/2025\/03\/2014-animitas-chili-2014-photograph-by-madeline-hurtado-b-5.jpg","datePublished":"2024-12-26T09:19:46+00:00","dateModified":"2025-03-03T08:53:17+00:00","breadcrumb":{"@id":"https:\/\/fondschristianboltanski.com\/en\/mentions-legales\/#breadcrumb"},"inLanguage":"en-US","potentialAction":[{"@type":"ReadAction","target":[["https:\/\/fondschristianboltanski.com\/en\/mentions-legales\/"]]}]},{"@type":"ImageObject","inLanguage":"en-US","@id":"https:\/\/fondschristianboltanski.com\/en\/mentions-legales\/#primaryimage","url":"https:\/\/fondschristianboltanski.com\/new_website\/wp-content\/uploads\/2025\/03\/2014-animitas-chili-2014-photograph-by-madeline-hurtado-b-5.jpg","contentUrl":"https:\/\/fondschristianboltanski.com\/new_website\/wp-content\/uploads\/2025\/03\/2014-animitas-chili-2014-photograph-by-madeline-hurtado-b-5.jpg","width":2500,"height":1875},{"@type":"BreadcrumbList","@id":"https:\/\/fondschristianboltanski.com\/en\/mentions-legales\/#breadcrumb","itemListElement":[{"@type":"ListItem","position":1,"name":"Accueil","item":"https:\/\/fondschristianboltanski.com\/en\/"},{"@type":"ListItem","position":2,"name":"Mentions L\u00e9gales"}]},{"@type":"WebSite","@id":"https:\/\/fondschristianboltanski.com\/en\/#website","url":"https:\/\/fondschristianboltanski.com\/en\/","name":"Fonds de dotation Christian Boltanski","description":"[:fr]Le Fonds de Dotation Christian Boltanski, cr\u00e9\u00e9 en 2023 par Annette Messager, a pour objet d\u2019assurer la conservation, la diffusion, et la promotion de l\u2019\u0153uvre de Christian Boltanski. Le Fonds a pour int\u00e9r\u00eat g\u00e9n\u00e9ral un objet culturel, de conservation et de sauvegarde de l&#039;\u0153uvre de l&#039;artiste aupr\u00e8s du public.[:en]Le Fonds de dotation Christian Boltanski (The Christian Boltanski Endowment Fund), created in September 2023, aims to ensure the conservation, diffusion and promotion of the artist\u2019s work among the public and professionals.[:]","potentialAction":[{"@type":"SearchAction","target":{"@type":"EntryPoint","urlTemplate":"https:\/\/fondschristianboltanski.com\/en\/?s={search_term_string}"},"query-input":{"@type":"PropertyValueSpecification","valueRequired":true,"valueName":"search_term_string"}}],"inLanguage":"en-US"}]}},"_links":{"self":[{"href":"https:\/\/fondschristianboltanski.com\/en\/wp-json\/wp\/v2\/pages\/169","targetHints":{"allow":["GET"]}}],"collection":[{"href":"https:\/\/fondschristianboltanski.com\/en\/wp-json\/wp\/v2\/pages"}],"about":[{"href":"https:\/\/fondschristianboltanski.com\/en\/wp-json\/wp\/v2\/types\/page"}],"author":[{"embeddable":true,"href":"https:\/\/fondschristianboltanski.com\/en\/wp-json\/wp\/v2\/users\/1"}],"replies":[{"embeddable":true,"href":"https:\/\/fondschristianboltanski.com\/en\/wp-json\/wp\/v2\/comments?post=169"}],"version-history":[{"count":12,"href":"https:\/\/fondschristianboltanski.com\/en\/wp-json\/wp\/v2\/pages\/169\/revisions"}],"predecessor-version":[{"id":984,"href":"https:\/\/fondschristianboltanski.com\/en\/wp-json\/wp\/v2\/pages\/169\/revisions\/984"}],"wp:featuredmedia":[{"embeddable":true,"href":"https:\/\/fondschristianboltanski.com\/en\/wp-json\/wp\/v2\/media\/988"}],"wp:attachment":[{"href":"https:\/\/fondschristianboltanski.com\/en\/wp-json\/wp\/v2\/media?parent=169"}],"curies":[{"name":"wp","href":"https:\/\/api.w.org\/{rel}","templated":true}]}}