{"id":167,"date":"2024-12-26T10:19:39","date_gmt":"2024-12-26T09:19:39","guid":{"rendered":"https:\/\/fondschristianboltanski.com\/new_website\/?page_id=167"},"modified":"2025-04-09T12:21:38","modified_gmt":"2025-04-09T10:21:38","slug":"credits","status":"publish","type":"page","link":"https:\/\/fondschristianboltanski.com\/en\/credits\/","title":{"rendered":"Credits"},"content":{"rendered":"<p>COPYRIGHTS:<\/p>\n<p>Christian Boltanski \u00a9ADAGP, Paris, 2025<\/p>\n<p>Any use of the artist&#8217;s works must be subject to a prior authorization request to the ADAGP (<a href=\"https:\/\/www.adagp.fr\/\">www.adagp.fr<\/a>).<\/p>\n<p>&nbsp;<\/p>\n<p>PHOTO CREDITS:<\/p>\n<p><u>Home Page<\/u><\/p>\n<ol>\n<li>Portrait Christian Boltanski, 2010. Cr\u00e9dit photo\u00a0: Didier Plowy.<\/li>\n<\/ol>\n<p><u>The Fund<\/u><\/p>\n<ol>\n<li>Atelier de Christian Boltanski, 2010. Cr\u00e9dit photo : DR<\/li>\n<\/ol>\n<p><u>Biography<\/u><\/p>\n<p><u>1944-1984<\/u><\/p>\n<ol>\n<li>Atelier de Christian Boltanski rue de Grenelle \u00e0 Paris, 1967. Cr\u00e9dit photo : DR<\/li>\n<li>Carton d&#8217;invitation de la 1ere exposition personnelle, 1968. Archive Christian Boltanski.<\/li>\n<li>Christian Boltanski modelant des billes d&#8217;argile pour la pi\u00e8ce Le Repas, 1969. Cr\u00e9dit photo : DR<\/li>\n<li>Local III, 41 rue R\u00e9my Dumoncel, Paris, mars 1970. Cr\u00e9dit photo : DR<\/li>\n<li>Reconstitution des chansons qui ont \u00e9t\u00e9 chant\u00e9es \u00e0 Christian Boltanski entre 1944 et 1946, 45 tours, 1971. Cr\u00e9dit photo : DR<\/li>\n<li>Vitrine de r\u00e9f\u00e9rence, 1972. Cr\u00e9dit photo : DR<\/li>\n<li>Christian Boltanski marchant devant un mur de portraits lors de l&#8217;installation au CES de Lentill\u00e8res, Dijon, 1973. Cr\u00e9dit photo : DR<\/li>\n<li>Christian Boltanski a l&#8217;honneur de vous faire ses offres de service, papillon, mai 1974. Archive Christian Boltanski.<\/li>\n<li><em>Sayn\u00e8te comique (la vie c\u2019est gai, la vie c\u2019est triste<\/em>). Cr\u00e9dit photo\u00a0: Rebecca Fanuele. Courtesy Marian Goodman Gallery.<\/li>\n<li>Images mod\u00e8les, 1975. Cr\u00e9dit photo : DR<\/li>\n<\/ol>\n<p><u>1984-1998<\/u><\/p>\n<ol>\n<li><em>Th\u00e9\u00e2tre d&#8217;ombres<\/em>, 1984. Cr\u00e9dit photo : DR<\/li>\n<li><em>Le\u00e7ons de t\u00e9n\u00e8bres<\/em>, Chapelle de la Salp\u00eatri\u00e8re, 1986. Cr\u00e9dit photo : Ernt Jank. Courtesy Festival d&#8217;Automne \u00e0 Paris.<\/li>\n<li><em>Monument<\/em>, 1986. Cr\u00e9dit photo : DR<\/li>\n<li><em>Le Pendu<\/em>, 1985. Cr\u00e9dit photo\u00a0: Rebecca Fanuele. Courtesy Marian Goodman Gallery.<\/li>\n<li>Les Archives, Cassel, documenta 8, 1987. Cr\u00e9dit photo : DR<\/li>\n<li><em>R\u00e9serve Canada<\/em>, 1988. Ydessa Hendeless Art Foundation, Toronto. Cr\u00e9dit photo\u00a0: Robert Keziere<\/li>\n<li><em>R\u00e9serve : Les Suisses morts<\/em>, 1990. Collection Hamburger Kunsthalle, Hamburg. Photo credit: Elke Walford<\/li>\n<li>R\u00e9serve : Le Lac des morts, 1990. Cr\u00e9dit photo : DR<\/li>\n<li><em>Monument des Enfants de Dijon<\/em>, Museet for Samtidskunst, Oslo, 1994. Cr\u00e9dit photo :DR<\/li>\n<li><em>L&#8217;image honteuse<\/em>, 1996. Cr\u00e9dit photo : DR<\/li>\n<\/ol>\n<p><u>1998-2021<\/u><\/p>\n<ol>\n<li><em>Mes morts<\/em>, 2002. Cr\u00e9dit photo : DR<\/li>\n<li><em>Entre-Temps<\/em>, 2003. Cr\u00e9dit photo : DR<\/li>\n<li><em>6 Septembres<\/em>, 2005. Cr\u00e9dit photo : DR<\/li>\n<li><em>Le C\u0153ur<\/em>, 2005. Institut Mathildenhohe Darmstadt 2005. Cr\u00e9dit photo\u00a0: Wolfgang G\u00fcnzel<\/li>\n<li><em>Autoportraits<\/em>, 2008. Cr\u00e9dit photo : DR<\/li>\n<li><em>Apr\u00e8s<\/em>, 2010. Cr\u00e9dit photo\u00a0: Rebecca Fanuele. Courtesy Marian Goodman Gallery.<\/li>\n<li><em>Chance<\/em>, Pavillon fran\u00e7ais, Biennale de Venise, 2011. Cr\u00e9dit photo\u00a0: Didier Plowy<\/li>\n<li><em>Misterios<\/em>, 2017. Cr\u00e9dit Photo: Christian Boltanski<\/li>\n<li><em>Subliminal<\/em>, 2020. Cr\u00e9dit photo\u00a0: Rebecca Fanuele. Courtesy Marian Goodman Gallery.<\/li>\n<\/ol>\n<p><u>Exhibitions<\/u><\/p>\n<ol>\n<li>&#8220;Apr\u00e8s&#8221;, Galerie Marian Goodman, Paris, 2021. Cr\u00e9dit photo : Rebecca Fanuele. Courtesy Marian Goodman Gallery.<\/li>\n<li>&#8220;Faire son temps&#8221;, Centre Pompidou, Paris, 2019. Cr\u00e9dit photo : Philippe Migeat. Courtesy MNAM &#8211; Centre Pompidou, Paris.<\/li>\n<li>&#8220;Na&#8221;, Oude Kerk, Amsterdam, 2017. Cr\u00e9dit photo : GJ. van Rooij. Courtesy Oude Kerk, Amsterdam<\/li>\n<li>&#8220;Migrantes&#8221;, Hotel de Inmigrantes, Buenos Aires, 2012. Cr\u00e9dit photo : DR<\/li>\n<li>&#8220;Chance&#8221;, Biennale de Venise, 2011. Cr\u00e9dit photo : Didier Plowy.<\/li>\n<li>&#8220;Personnes&#8221;, Monumenta, Grand Palais, Paris, 2010. Cr\u00e9dit photo : Didier Plowy.<\/li>\n<li>&#8220;Passie \/ Passion&#8221;, De Pont Museum, Tilburg, 1996. Cr\u00e9dit photo : Jannes Linders.<\/li>\n<li>Marian Goodman Gallery, New York, 1995. Cr\u00e9dit photo : DR. Courtesy Marian Goodman Gallery.<\/li>\n<li>&#8220;Advento&#8221;, Saint-Jacques-de-Compostelle, 1995. Cr\u00e9dit photo : Massimo Piersanti. Courtesy Centro Galego de Arte Contempor\u00e1nea, Saint-Jacques de Compostelle, 1995.<\/li>\n<li>&#8220;Inventar&#8221;, Hamburger Kunsthalle, Hambourg, 1991. Cr\u00e9dit photo : DR<\/li>\n<li>&#8220;Boltanski at ICA&#8221;, Institut d&#8217;art contemporain Nagoya, 1990. Cr\u00e9dit photo : DR<\/li>\n<li>&#8220;Boltanski&#8221;, Centre Pompidou, Paris, 1984. Photo Cr\u00e9dit : Jacques Faujour. Courtesy MNAM &#8211; Centre Pompidou, Paris.<\/li>\n<\/ol>\n<p><u>Films &amp; Performances<\/u><\/p>\n<ol>\n<li><em>L\u2019Homme qui tousse<\/em>, 1969. Film still.<\/li>\n<li><em>Derri\u00e8re la porte<\/em>, 1970. Film still.<\/li>\n<li><em>Essai de reconstitution des 46 jours qui pr\u00e9c\u00e9d\u00e8rent la mort de Fran\u00e7oise Guiniou<\/em>, 1971. Film still.<\/li>\n<li><em>Quelques souvenirs de jeunesse, 1974<\/em>. Film still.<\/li>\n<li>&#8220;Pleins Jours, T\u00e9tralogie&#8221;, 2004-2005. Cr\u00e9dit Photo : Marie No\u00eblle Robert. Courtesy Th\u00e9\u00e2tre du Ch\u00e2telet.<\/li>\n<li>&#8220;Demain le ciel sera rouge&#8221;, 2011. Nuit Blanche, Paris. Cr\u00e9dit Photo : Paul Allain<\/li>\n<li>&#8220;Pleine Nuit&#8221;, 2016. Cr\u00e9dit Photo : DR<\/li>\n<li>&#8220;Ultima&#8221;, 2017. Arena del Sole, Bologne. Cr\u00e9dit Photo : Matteo Monti. Courtesy Bologna Musei<\/li>\n<li>&#8220;Fosse&#8221;, 2020. Cr\u00e9dit Photo : DR<\/li>\n<\/ol>\n<p><u>Bibliography<\/u><\/p>\n<ol>\n<li><em>Journal<\/em>, 2024. Courtesy Manuella Editions, Paris.<\/li>\n<li><em>Christian Boltanski: 4.4, <\/em>2021. Courtesy Busan Museum of Art, Busan.<\/li>\n<li><em>Faire son temps<\/em>, 2019. Courtesy MNAM-Centre Pompidou, Paris.<\/li>\n<li><em>Lifetime<\/em>, 2019. Courtesy The National Museum of Art, Osaka.<\/li>\n<li><em>Souls. From Place to Place<\/em>, 2017. Courtesy MAMbo, Bologna.<\/li>\n<li><em>Advent and Other Times<\/em>, 1996. Courtesy Centro Galego de Arte Contemporanea, Saint Jacques de Compostelle.<\/li>\n<li><em>Christian Boltanski at ICA,<\/em>\u00a01990. Courtesy ICA, Nagoya.<\/li>\n<\/ol>\n<p><u>Artist&#8217;s Books<\/u><\/p>\n<ol>\n<li><em>6 septembres,<\/em>\u00a02005. Courtesy Edizioni Charta\/Padiglione d\u2019arte contemporanea, Milan.<\/li>\n<li><em>Ensembles<\/em>. Avec Jacques Roubaud, 1997. Courtesy Martine Aboucaya, Paris\/ ,T. F. Artes Gr\u00e1ficas, Madrid.<\/li>\n<li><em>Menschlich,<\/em> 1994. Courtesy Thouet Verlag\/ Verlag der Buchhandlung Walther K\u00f6nig.<\/li>\n<li><em>Les Suisses morts,<\/em> 1991. Courtesy Museum\u00a0\u00a0f\u00fcr Moderne Kunst, Francfort-sur-le-Main.<\/li>\n<li><em>Lanterne magique, <\/em>1982. Courtesy De Vleeshal, Middelbourg.<\/li>\n<li>10 portraits photographiques de Christian Boltanski 1946-1964, 1972.<\/li>\n<\/ol>\n<p><u>Permanent Works &amp; Collections<\/u><\/p>\n<ol>\n<li><em>Animitas (Kaunas),<\/em> Kaunas. Photo Credit: Martynas Plepys. Courtesy IX Forth Museum, Kaunas. Kaunas 2022 \u2013 European Capital of Culture.<\/li>\n<li><em>Les Archives du c\u0153ur<\/em>, Teshima Island, Japan. Photo Credit: Kuge Yasuhide. Courtesy Fukutake Foundation\/ Benesse Art Site.<\/li>\n<li><em>La Derni\u00e8re classe<\/em>, Echigo Tsumari Art Fields, Japan. Photo Credit: Angelika Markul<\/li>\n<li><em>Les Enfants d&#8217;Oiron<\/em>, Ch\u00e2teau d&#8217;Oiron. Photo Credit: DR<\/li>\n<li><em>La Maison manquante<\/em>, Berlin. Photo Credit: Werner Zellien, 1992<\/li>\n<\/ol>\n<p>&nbsp;<\/p>\n<p>GRAPHIC DESIGN &amp; ARTISTIC DIRECTION:<\/p>\n<p>KEYS, 82 Rue Doudeauville, 75018 Paris<br \/>\n<a href=\"mailto:contact@studio-keys.com\">contact@studio-keys.com<\/a><br \/>\n<a href=\"http:\/\/www.studio-keys.com\">www.studio-keys.com<\/a><\/p>\n<p>&nbsp;<\/p>\n<p>WEB DEVELOPMENT:<\/p>\n<p><a href=\"https:\/\/www.mattieumoreaudomecq.com\">Mattieu Moreau Domecq<\/a><\/p>","protected":false},"excerpt":{"rendered":"<p>COPYRIGHTS: Christian Boltanski \u00a9ADAGP, Paris, 2025 Any use of the artist&#8217;s works must be subject to a prior authorization request to the ADAGP (www.adagp.fr). &nbsp; PHOTO CREDITS: Home Page Portrait Christian Boltanski, 2010. Cr\u00e9dit photo\u00a0: Didier Plowy. The Fund Atelier de Christian Boltanski, 2010. Cr\u00e9dit photo : DR Biography 1944-1984 Atelier de Christian Boltanski rue [&hellip;]<\/p>\n","protected":false},"author":1,"featured_media":988,"parent":0,"menu_order":15,"comment_status":"closed","ping_status":"closed","template":"","meta":{"_acf_changed":false,"footnotes":""},"class_list":["post-167","page","type-page","status-publish","has-post-thumbnail","hentry"],"acf":[],"yoast_head":"<!-- This site is optimized with the Yoast SEO plugin v27.5 - https:\/\/yoast.com\/product\/yoast-seo-wordpress\/ -->\n<title>Credits - Fonds de dotation Christian Boltanski<\/title>\n<meta name=\"robots\" content=\"index, follow, max-snippet:-1, max-image-preview:large, max-video-preview:-1\" \/>\n<link rel=\"canonical\" href=\"https:\/\/fondschristianboltanski.com\/en\/credits\/\" \/>\n<meta property=\"og:locale\" content=\"en_US\" \/>\n<meta property=\"og:type\" content=\"article\" \/>\n<meta property=\"og:title\" content=\"Credits - Fonds de dotation Christian Boltanski\" \/>\n<meta property=\"og:description\" content=\"COPYRIGHTS: Christian Boltanski \u00a9ADAGP, Paris, 2025 Any use of the artist&#8217;s works must be subject to a prior authorization request to the ADAGP (www.adagp.fr). &nbsp; PHOTO CREDITS: Home Page Portrait Christian Boltanski, 2010. Cr\u00e9dit photo\u00a0: Didier Plowy. The Fund Atelier de Christian Boltanski, 2010. Cr\u00e9dit photo : DR Biography 1944-1984 Atelier de Christian Boltanski rue [&hellip;]\" \/>\n<meta property=\"og:url\" content=\"https:\/\/fondschristianboltanski.com\/en\/credits\/\" \/>\n<meta property=\"og:site_name\" content=\"Fonds de dotation Christian Boltanski\" \/>\n<meta property=\"article:modified_time\" content=\"2025-04-09T10:21:38+00:00\" \/>\n<meta property=\"og:image\" content=\"https:\/\/fondschristianboltanski.com\/new_website\/wp-content\/uploads\/2025\/03\/2014-animitas-chili-2014-photograph-by-madeline-hurtado-b-5-1500x1125.jpg\" \/>\n\t<meta property=\"og:image:width\" content=\"1500\" \/>\n\t<meta property=\"og:image:height\" content=\"1125\" \/>\n\t<meta property=\"og:image:type\" content=\"image\/jpeg\" \/>\n<meta name=\"twitter:card\" content=\"summary_large_image\" \/>\n<meta name=\"twitter:label1\" content=\"Est. reading time\" \/>\n\t<meta name=\"twitter:data1\" content=\"5 minutes\" \/>\n<script type=\"application\/ld+json\" class=\"yoast-schema-graph\">{\"@context\":\"https:\\\/\\\/schema.org\",\"@graph\":[{\"@type\":\"WebPage\",\"@id\":\"https:\\\/\\\/fondschristianboltanski.com\\\/en\\\/credits\\\/\",\"url\":\"https:\\\/\\\/fondschristianboltanski.com\\\/en\\\/credits\\\/\",\"name\":\"Credits - Fonds de dotation Christian Boltanski\",\"isPartOf\":{\"@id\":\"https:\\\/\\\/fondschristianboltanski.com\\\/en\\\/#website\"},\"primaryImageOfPage\":{\"@id\":\"https:\\\/\\\/fondschristianboltanski.com\\\/en\\\/credits\\\/#primaryimage\"},\"image\":{\"@id\":\"https:\\\/\\\/fondschristianboltanski.com\\\/credits\\\/#primaryimage\"},\"thumbnailUrl\":\"https:\\\/\\\/fondschristianboltanski.com\\\/new_website\\\/wp-content\\\/uploads\\\/2025\\\/03\\\/2014-animitas-chili-2014-photograph-by-madeline-hurtado-b-5.jpg\",\"datePublished\":\"2024-12-26T09:19:39+00:00\",\"dateModified\":\"2025-04-09T10:21:38+00:00\",\"breadcrumb\":{\"@id\":\"https:\\\/\\\/fondschristianboltanski.com\\\/en\\\/credits\\\/#breadcrumb\"},\"inLanguage\":\"en-US\",\"potentialAction\":[{\"@type\":\"ReadAction\",\"target\":[[\"https:\\\/\\\/fondschristianboltanski.com\\\/en\\\/credits\\\/\"]]}]},{\"@type\":\"ImageObject\",\"inLanguage\":\"en-US\",\"@id\":\"https:\\\/\\\/fondschristianboltanski.com\\\/en\\\/credits\\\/#primaryimage\",\"url\":\"https:\\\/\\\/fondschristianboltanski.com\\\/new_website\\\/wp-content\\\/uploads\\\/2025\\\/03\\\/2014-animitas-chili-2014-photograph-by-madeline-hurtado-b-5.jpg\",\"contentUrl\":\"https:\\\/\\\/fondschristianboltanski.com\\\/new_website\\\/wp-content\\\/uploads\\\/2025\\\/03\\\/2014-animitas-chili-2014-photograph-by-madeline-hurtado-b-5.jpg\",\"width\":2500,\"height\":1875},{\"@type\":\"BreadcrumbList\",\"@id\":\"https:\\\/\\\/fondschristianboltanski.com\\\/en\\\/credits\\\/#breadcrumb\",\"itemListElement\":[{\"@type\":\"ListItem\",\"position\":1,\"name\":\"Accueil\",\"item\":\"https:\\\/\\\/fondschristianboltanski.com\\\/en\\\/\"},{\"@type\":\"ListItem\",\"position\":2,\"name\":\"Cr\u00e9dits\"}]},{\"@type\":\"WebSite\",\"@id\":\"https:\\\/\\\/fondschristianboltanski.com\\\/en\\\/#website\",\"url\":\"https:\\\/\\\/fondschristianboltanski.com\\\/en\\\/\",\"name\":\"Fonds de dotation Christian Boltanski\",\"description\":\"[:fr]Le Fonds de Dotation Christian Boltanski, cr\u00e9\u00e9 en 2023 par Annette Messager, a pour objet d\u2019assurer la conservation, la diffusion, et la promotion de l\u2019\u0153uvre de Christian Boltanski. Le Fonds a pour int\u00e9r\u00eat g\u00e9n\u00e9ral un objet culturel, de conservation et de sauvegarde de l&#039;\u0153uvre de l&#039;artiste aupr\u00e8s du public.[:en]Le Fonds de dotation Christian Boltanski (The Christian Boltanski Endowment Fund), created in September 2023, aims to ensure the conservation, diffusion and promotion of the artist\u2019s work among the public and professionals.[:]\",\"potentialAction\":[{\"@type\":\"SearchAction\",\"target\":{\"@type\":\"EntryPoint\",\"urlTemplate\":\"https:\\\/\\\/fondschristianboltanski.com\\\/en\\\/?s={search_term_string}\"},\"query-input\":{\"@type\":\"PropertyValueSpecification\",\"valueRequired\":true,\"valueName\":\"search_term_string\"}}],\"inLanguage\":\"en-US\"}]}<\/script>\n<!-- \/ Yoast SEO plugin. -->","yoast_head_json":{"title":"Credits - Fonds de dotation Christian Boltanski","robots":{"index":"index","follow":"follow","max-snippet":"max-snippet:-1","max-image-preview":"max-image-preview:large","max-video-preview":"max-video-preview:-1"},"canonical":"https:\/\/fondschristianboltanski.com\/en\/credits\/","og_locale":"en_US","og_type":"article","og_title":"Credits - Fonds de dotation Christian Boltanski","og_description":"COPYRIGHTS: Christian Boltanski \u00a9ADAGP, Paris, 2025 Any use of the artist&#8217;s works must be subject to a prior authorization request to the ADAGP (www.adagp.fr). &nbsp; PHOTO CREDITS: Home Page Portrait Christian Boltanski, 2010. Cr\u00e9dit photo\u00a0: Didier Plowy. The Fund Atelier de Christian Boltanski, 2010. Cr\u00e9dit photo : DR Biography 1944-1984 Atelier de Christian Boltanski rue [&hellip;]","og_url":"https:\/\/fondschristianboltanski.com\/en\/credits\/","og_site_name":"Fonds de dotation Christian Boltanski","article_modified_time":"2025-04-09T10:21:38+00:00","og_image":[{"width":1500,"height":1125,"url":"https:\/\/fondschristianboltanski.com\/new_website\/wp-content\/uploads\/2025\/03\/2014-animitas-chili-2014-photograph-by-madeline-hurtado-b-5-1500x1125.jpg","type":"image\/jpeg"}],"twitter_card":"summary_large_image","twitter_misc":{"Est. reading time":"5 minutes"},"schema":{"@context":"https:\/\/schema.org","@graph":[{"@type":"WebPage","@id":"https:\/\/fondschristianboltanski.com\/en\/credits\/","url":"https:\/\/fondschristianboltanski.com\/en\/credits\/","name":"Credits - Fonds de dotation Christian Boltanski","isPartOf":{"@id":"https:\/\/fondschristianboltanski.com\/en\/#website"},"primaryImageOfPage":{"@id":"https:\/\/fondschristianboltanski.com\/en\/credits\/#primaryimage"},"image":{"@id":"https:\/\/fondschristianboltanski.com\/credits\/#primaryimage"},"thumbnailUrl":"https:\/\/fondschristianboltanski.com\/new_website\/wp-content\/uploads\/2025\/03\/2014-animitas-chili-2014-photograph-by-madeline-hurtado-b-5.jpg","datePublished":"2024-12-26T09:19:39+00:00","dateModified":"2025-04-09T10:21:38+00:00","breadcrumb":{"@id":"https:\/\/fondschristianboltanski.com\/en\/credits\/#breadcrumb"},"inLanguage":"en-US","potentialAction":[{"@type":"ReadAction","target":[["https:\/\/fondschristianboltanski.com\/en\/credits\/"]]}]},{"@type":"ImageObject","inLanguage":"en-US","@id":"https:\/\/fondschristianboltanski.com\/en\/credits\/#primaryimage","url":"https:\/\/fondschristianboltanski.com\/new_website\/wp-content\/uploads\/2025\/03\/2014-animitas-chili-2014-photograph-by-madeline-hurtado-b-5.jpg","contentUrl":"https:\/\/fondschristianboltanski.com\/new_website\/wp-content\/uploads\/2025\/03\/2014-animitas-chili-2014-photograph-by-madeline-hurtado-b-5.jpg","width":2500,"height":1875},{"@type":"BreadcrumbList","@id":"https:\/\/fondschristianboltanski.com\/en\/credits\/#breadcrumb","itemListElement":[{"@type":"ListItem","position":1,"name":"Accueil","item":"https:\/\/fondschristianboltanski.com\/en\/"},{"@type":"ListItem","position":2,"name":"Cr\u00e9dits"}]},{"@type":"WebSite","@id":"https:\/\/fondschristianboltanski.com\/en\/#website","url":"https:\/\/fondschristianboltanski.com\/en\/","name":"Fonds de dotation Christian Boltanski","description":"[:fr]Le Fonds de Dotation Christian Boltanski, cr\u00e9\u00e9 en 2023 par Annette Messager, a pour objet d\u2019assurer la conservation, la diffusion, et la promotion de l\u2019\u0153uvre de Christian Boltanski. Le Fonds a pour int\u00e9r\u00eat g\u00e9n\u00e9ral un objet culturel, de conservation et de sauvegarde de l&#039;\u0153uvre de l&#039;artiste aupr\u00e8s du public.[:en]Le Fonds de dotation Christian Boltanski (The Christian Boltanski Endowment Fund), created in September 2023, aims to ensure the conservation, diffusion and promotion of the artist\u2019s work among the public and professionals.[:]","potentialAction":[{"@type":"SearchAction","target":{"@type":"EntryPoint","urlTemplate":"https:\/\/fondschristianboltanski.com\/en\/?s={search_term_string}"},"query-input":{"@type":"PropertyValueSpecification","valueRequired":true,"valueName":"search_term_string"}}],"inLanguage":"en-US"}]}},"_links":{"self":[{"href":"https:\/\/fondschristianboltanski.com\/en\/wp-json\/wp\/v2\/pages\/167","targetHints":{"allow":["GET"]}}],"collection":[{"href":"https:\/\/fondschristianboltanski.com\/en\/wp-json\/wp\/v2\/pages"}],"about":[{"href":"https:\/\/fondschristianboltanski.com\/en\/wp-json\/wp\/v2\/types\/page"}],"author":[{"embeddable":true,"href":"https:\/\/fondschristianboltanski.com\/en\/wp-json\/wp\/v2\/users\/1"}],"replies":[{"embeddable":true,"href":"https:\/\/fondschristianboltanski.com\/en\/wp-json\/wp\/v2\/comments?post=167"}],"version-history":[{"count":39,"href":"https:\/\/fondschristianboltanski.com\/en\/wp-json\/wp\/v2\/pages\/167\/revisions"}],"predecessor-version":[{"id":1010,"href":"https:\/\/fondschristianboltanski.com\/en\/wp-json\/wp\/v2\/pages\/167\/revisions\/1010"}],"wp:featuredmedia":[{"embeddable":true,"href":"https:\/\/fondschristianboltanski.com\/en\/wp-json\/wp\/v2\/media\/988"}],"wp:attachment":[{"href":"https:\/\/fondschristianboltanski.com\/en\/wp-json\/wp\/v2\/media?parent=167"}],"curies":[{"name":"wp","href":"https:\/\/api.w.org\/{rel}","templated":true}]}}